{"id":7,"date":"2024-04-18T15:02:48","date_gmt":"2024-04-18T12:02:48","guid":{"rendered":"https:\/\/jussieiramonsaatio.fi\/?page_id=7"},"modified":"2025-02-03T14:35:11","modified_gmt":"2025-02-03T12:35:11","slug":"etusivu","status":"publish","type":"page","link":"https:\/\/jussieiramonsaatio.fi\/en\/","title":{"rendered":"Frontpage"},"content":{"rendered":"<section\n    class=\"custom-block align wp-block-image-banner has-banner bg-black style-default opacity-15 align-center\"\n>\n    <div class=\"wrap\">\n        <div class=\"banner-container\">\n            <div \n    class=\"image image-default\"\n>\n    <img decoding=\"async\" src=\"https:\/\/jussieiramonsaatio.fi\/app\/uploads\/2024\/09\/Planetarium-Complex-Full-View.jpg\" alt=\"\" \/>\n<\/div>\n            <div class=\"banner-content\">\n                                            <h1\n    class=\"color-white title-large\"\n>\n    Jussi Eiramo foundation\n<\/h1>\n\n                                                                    <\/div>\n        <\/div>\n    <\/div>\n<\/section>\n\n\n<section\n    class=\"custom-block align wp-block-text\"\n>\n    <div class=\"wrap small\">\n                <p>The Jussi Eiramo Foundation is a private Finnish foundation whose goal is to promote research, training and practice in the tourism industry. The purpose of the foundation is also to support and nurture the vitality of the fields of education and culture, especially art, handicrafts and sports, to produce well-being and education for the world's children and youth through its activities, and to increase the knowledge and appreciation of Lapland and other Finnish culture.<\/p>\n<p>The foundation annually awards grants to professionals, students and hobbyists in the fields of tourism, education, culture and crafts.<\/p>\n\n            <\/div>\n<\/section>\n\n\n<section\n    class=\"custom-block align wp-block-cards has-background bg-secondary\"\n>\n    <div class=\"wrap\">\n                <div class=\"flex\">\n                    <div class=\"flex-item cards default\">\n                <div class=\"card has-link\">\n                    <div \n    class=\"image image-default\"\n>\n    <img decoding=\"async\" src=\"https:\/\/jussieiramonsaatio.fi\/app\/uploads\/2024\/09\/Nimeton.jpg\" alt=\"\" \/>\n<\/div>\n                                    <h3>\n                                            <a\n                            href=\"https:\/\/jussieiramonsaatio.fi\/hakuohjeet\/\"\n                            target=\"\"\n                            class=\"card-title-link\"\n                        >\n                            <h2\n    class=\"color-default\"\n>\n    Instructions on how to apply\n<\/h2>\n\n                        <\/a>\n                                        <\/h3>\n                                                                    <span\n                        class=\"arrow-link\"\n                    >\n                        Read more\n                    <\/span>\n                                <\/div>\n            <\/div>\n                    <div class=\"flex-item cards default\">\n                <div class=\"card has-link\">\n                    <div \n    class=\"image image-default\"\n>\n    <img decoding=\"async\" src=\"https:\/\/jussieiramonsaatio.fi\/app\/uploads\/2024\/09\/Planetarium-Show-2.jpg\" alt=\"\" \/>\n<\/div>\n                                    <h3>\n                                            <a\n                            href=\"https:\/\/apurahat.jussieiramonsaatio.fi\"\n                            target=\"\"\n                            class=\"card-title-link\"\n                        >\n                            <h2\n    class=\"color-default\"\n>\n    Apply for financing\n<\/h2>\n\n                        <\/a>\n                                        <\/h3>\n                                                                    <span\n                        class=\"arrow-link\"\n                    >\n                        Apply for financing\n                    <\/span>\n                                <\/div>\n            <\/div>\n                    <div class=\"flex-item cards default\">\n                <div class=\"card has-link\">\n                    <div \n    class=\"image image-default\"\n>\n    <img decoding=\"async\" src=\"https:\/\/jussieiramonsaatio.fi\/app\/uploads\/2025\/02\/Kakslauttanen-Northern-Lights-2.jpg\" alt=\"\" \/>\n<\/div>\n                                    <h3>\n                                            <a\n                            href=\"https:\/\/jussieiramonsaatio.fi\/myonnetyt-avustukset\/\"\n                            target=\"\"\n                            class=\"card-title-link\"\n                        >\n                            <h2\n    class=\"color-default\"\n>\n    My\u00f6nnetyt avustukset\n<\/h2>\n\n                        <\/a>\n                                        <\/h3>\n                                                                    <span\n                        class=\"arrow-link\"\n                    >\n                        Lue lis\u00e4\u00e4\n                    <\/span>\n                                <\/div>\n            <\/div>\n                <\/div>\n        <\/div>\n<\/section>","protected":false},"excerpt":{"rendered":"","protected":false},"author":1,"featured_media":0,"parent":0,"menu_order":0,"comment_status":"closed","ping_status":"closed","template":"","meta":{"_acf_changed":false,"footnotes":""},"class_list":["post-7","page","type-page","status-publish","hentry"],"acf":[],"yoast_head":"<!-- This site is optimized with the Yoast SEO plugin v27.6 - https:\/\/yoast.com\/product\/yoast-seo-wordpress\/ -->\n<title>Etusivu - Jussi Eiramon s\u00e4\u00e4ti\u00f6<\/title>\n<meta name=\"robots\" content=\"index, follow, max-snippet:-1, max-image-preview:large, max-video-preview:-1\" \/>\n<link rel=\"canonical\" href=\"https:\/\/jussieiramonsaatio.fi\/en\/\" \/>\n<meta property=\"og:locale\" content=\"en_US\" \/>\n<meta property=\"og:type\" content=\"article\" \/>\n<meta property=\"og:title\" content=\"Etusivu - Jussi Eiramon s\u00e4\u00e4ti\u00f6\" \/>\n<meta property=\"og:url\" content=\"https:\/\/jussieiramonsaatio.fi\/en\/\" \/>\n<meta property=\"og:site_name\" content=\"Jussi Eiramon s\u00e4\u00e4ti\u00f6\" \/>\n<meta property=\"article:modified_time\" content=\"2025-02-03T12:35:11+00:00\" \/>\n<meta name=\"twitter:card\" content=\"summary_large_image\" \/>\n<meta name=\"twitter:label1\" content=\"Est. reading time\" \/>\n\t<meta name=\"twitter:data1\" content=\"1 minute\" \/>\n<script type=\"application\/ld+json\" class=\"yoast-schema-graph\">{\"@context\":\"https:\\\/\\\/schema.org\",\"@graph\":[{\"@type\":\"WebPage\",\"@id\":\"https:\\\/\\\/jussieiramonsaatio.fi\\\/\",\"url\":\"https:\\\/\\\/jussieiramonsaatio.fi\\\/\",\"name\":\"Etusivu - Jussi Eiramon s\u00e4\u00e4ti\u00f6\",\"isPartOf\":{\"@id\":\"https:\\\/\\\/jussieiramonsaatio.fi\\\/#website\"},\"datePublished\":\"2024-04-18T12:02:48+00:00\",\"dateModified\":\"2025-02-03T12:35:11+00:00\",\"breadcrumb\":{\"@id\":\"https:\\\/\\\/jussieiramonsaatio.fi\\\/#breadcrumb\"},\"inLanguage\":\"en-US\",\"potentialAction\":[{\"@type\":\"ReadAction\",\"target\":[\"https:\\\/\\\/jussieiramonsaatio.fi\\\/\"]}]},{\"@type\":\"BreadcrumbList\",\"@id\":\"https:\\\/\\\/jussieiramonsaatio.fi\\\/#breadcrumb\",\"itemListElement\":[{\"@type\":\"ListItem\",\"position\":1,\"name\":\"Home\",\"item\":\"https:\\\/\\\/jussieiramonsaatio.fi\\\/\"},{\"@type\":\"ListItem\",\"position\":2,\"name\":\"Etusivu\"}]},{\"@type\":\"WebSite\",\"@id\":\"https:\\\/\\\/jussieiramonsaatio.fi\\\/#website\",\"url\":\"https:\\\/\\\/jussieiramonsaatio.fi\\\/\",\"name\":\"Jussi Eiramon s\u00e4\u00e4ti\u00f6\",\"description\":\"\",\"potentialAction\":[{\"@type\":\"SearchAction\",\"target\":{\"@type\":\"EntryPoint\",\"urlTemplate\":\"https:\\\/\\\/jussieiramonsaatio.fi\\\/?s={search_term_string}\"},\"query-input\":{\"@type\":\"PropertyValueSpecification\",\"valueRequired\":true,\"valueName\":\"search_term_string\"}}],\"inLanguage\":\"en-US\"}]}<\/script>\n<!-- \/ Yoast SEO plugin. -->","yoast_head_json":{"title":"Etusivu - Jussi Eiramon s\u00e4\u00e4ti\u00f6","robots":{"index":"index","follow":"follow","max-snippet":"max-snippet:-1","max-image-preview":"max-image-preview:large","max-video-preview":"max-video-preview:-1"},"canonical":"https:\/\/jussieiramonsaatio.fi\/en\/","og_locale":"en_US","og_type":"article","og_title":"Etusivu - Jussi Eiramon s\u00e4\u00e4ti\u00f6","og_url":"https:\/\/jussieiramonsaatio.fi\/en\/","og_site_name":"Jussi Eiramon s\u00e4\u00e4ti\u00f6","article_modified_time":"2025-02-03T12:35:11+00:00","twitter_card":"summary_large_image","twitter_misc":{"Est. reading time":"1 minute"},"schema":{"@context":"https:\/\/schema.org","@graph":[{"@type":"WebPage","@id":"https:\/\/jussieiramonsaatio.fi\/","url":"https:\/\/jussieiramonsaatio.fi\/","name":"Etusivu - Jussi Eiramon s\u00e4\u00e4ti\u00f6","isPartOf":{"@id":"https:\/\/jussieiramonsaatio.fi\/#website"},"datePublished":"2024-04-18T12:02:48+00:00","dateModified":"2025-02-03T12:35:11+00:00","breadcrumb":{"@id":"https:\/\/jussieiramonsaatio.fi\/#breadcrumb"},"inLanguage":"en-US","potentialAction":[{"@type":"ReadAction","target":["https:\/\/jussieiramonsaatio.fi\/"]}]},{"@type":"BreadcrumbList","@id":"https:\/\/jussieiramonsaatio.fi\/#breadcrumb","itemListElement":[{"@type":"ListItem","position":1,"name":"Home","item":"https:\/\/jussieiramonsaatio.fi\/"},{"@type":"ListItem","position":2,"name":"Etusivu"}]},{"@type":"WebSite","@id":"https:\/\/jussieiramonsaatio.fi\/#website","url":"https:\/\/jussieiramonsaatio.fi\/","name":"Jussi Eiramo foundation","description":"","potentialAction":[{"@type":"SearchAction","target":{"@type":"EntryPoint","urlTemplate":"https:\/\/jussieiramonsaatio.fi\/?s={search_term_string}"},"query-input":{"@type":"PropertyValueSpecification","valueRequired":true,"valueName":"search_term_string"}}],"inLanguage":"en-US"}]}},"_links":{"self":[{"href":"https:\/\/jussieiramonsaatio.fi\/en\/wp-json\/wp\/v2\/pages\/7","targetHints":{"allow":["GET"]}}],"collection":[{"href":"https:\/\/jussieiramonsaatio.fi\/en\/wp-json\/wp\/v2\/pages"}],"about":[{"href":"https:\/\/jussieiramonsaatio.fi\/en\/wp-json\/wp\/v2\/types\/page"}],"author":[{"embeddable":true,"href":"https:\/\/jussieiramonsaatio.fi\/en\/wp-json\/wp\/v2\/users\/1"}],"replies":[{"embeddable":true,"href":"https:\/\/jussieiramonsaatio.fi\/en\/wp-json\/wp\/v2\/comments?post=7"}],"version-history":[{"count":19,"href":"https:\/\/jussieiramonsaatio.fi\/en\/wp-json\/wp\/v2\/pages\/7\/revisions"}],"predecessor-version":[{"id":212,"href":"https:\/\/jussieiramonsaatio.fi\/en\/wp-json\/wp\/v2\/pages\/7\/revisions\/212"}],"wp:attachment":[{"href":"https:\/\/jussieiramonsaatio.fi\/en\/wp-json\/wp\/v2\/media?parent=7"}],"curies":[{"name":"wp","href":"https:\/\/api.w.org\/{rel}","templated":true}]}}